{"id":4564,"date":"2023-09-19T08:04:15","date_gmt":"2023-09-19T06:04:15","guid":{"rendered":"https:\/\/steinhoefel.c401.comwerk.hosting\/?page_id=4564"},"modified":"2026-03-15T18:46:54","modified_gmt":"2026-03-15T17:46:54","slug":"stellenangebote","status":"publish","type":"page","link":"https:\/\/www.steinhoefel.de\/en\/stellenangebote\/","title":{"rendered":"Careers"},"content":{"rendered":"<div data-elementor-type=\"wp-page\" data-elementor-id=\"4564\" class=\"elementor elementor-4564\" data-elementor-post-type=\"page\">\n\t\t\t\t<div class=\"elementor-element elementor-element-30b2828 e-flex e-con-boxed qodef-elementor-content-no e-con e-parent\" data-id=\"30b2828\" data-element_type=\"container\" data-e-type=\"container\">\n\t\t\t\t\t<div class=\"e-con-inner\">\n\t\t\t\t<div class=\"elementor-element elementor-element-41219af elementor-widget elementor-widget-heading\" data-id=\"41219af\" data-element_type=\"widget\" data-e-type=\"widget\" data-widget_type=\"heading.default\">\n\t\t\t\t\t<h2 class=\"elementor-heading-title elementor-size-default\">We are seeking\u2026<\/h2>\t\t\t\t<\/div>\n\t\t\t\t\t<\/div>\n\t\t\t\t<\/div>\n\t\t<div class=\"elementor-element elementor-element-c5769b1 e-flex e-con-boxed qodef-elementor-content-no e-con e-parent\" data-id=\"c5769b1\" data-element_type=\"container\" data-e-type=\"container\">\n\t\t\t\t\t<div class=\"e-con-inner\">\n\t\t\t\t<div class=\"elementor-element elementor-element-993b4d7 elementor-widget elementor-widget-text-editor\" data-id=\"993b4d7\" data-element_type=\"widget\" data-e-type=\"widget\" data-widget_type=\"text-editor.default\">\n\t\t\t\t\t\t\t\t\t<h4><strong>Attorneys (m\/f\/d) in Press and Defamation Law as well as Competition Law<\/strong><\/h4><p><strong>Your Profile:<\/strong><\/p><ul><li>At least one exam with honors<\/li><li>Interest in press and defamation law as well as competition law<\/li><li>Good command of English<\/li><\/ul><p>We look forward to receiving your application!<\/p><p><strong>Applications to:<\/strong><\/p><p>Rechtsanw\u00e4lte Steinh\u00f6fel<br \/>ABC-Stra\u00dfe 38<br \/>20354 Hamburg<br \/>Germany<\/p><p>Mail: <a href=\"mailto:mail@steinhoefel.de\">mail@steinhoefel.de<\/a><\/p>\t\t\t\t\t\t\t\t<\/div>\n\t\t\t\t\t<\/div>\n\t\t\t\t<\/div>\n\t\t\t\t<\/div>","protected":false},"excerpt":{"rendered":"<p>Wir suchen&#8230; Rechtsanw\u00e4lte (m\/w\/d) im Presse- &amp; \u00c4u\u00dferungsrecht sowie im Wettbewerbsrecht Das Profil: Mindestens ein Pr\u00e4dikatsexamen Interesse an den Bereichen Presse- &amp; \u00c4u\u00dferungsrecht sowie im Wettbewerbsrecht gute Englischkenntnisse Wir freuen uns auf eine Bewerbung! Bewerbungen an: Rechtsanw\u00e4lte Steinh\u00f6felABC-Stra\u00dfe 3820354 HamburgDeutschland Mail: mail@steinhoefel.de<\/p>","protected":false},"author":1,"featured_media":0,"parent":0,"menu_order":0,"comment_status":"closed","ping_status":"closed","template":"","meta":{"footnotes":""},"class_list":["post-4564","page","type-page","status-publish","hentry"],"_links":{"self":[{"href":"https:\/\/www.steinhoefel.de\/en\/wp-json\/wp\/v2\/pages\/4564","targetHints":{"allow":["GET"]}}],"collection":[{"href":"https:\/\/www.steinhoefel.de\/en\/wp-json\/wp\/v2\/pages"}],"about":[{"href":"https:\/\/www.steinhoefel.de\/en\/wp-json\/wp\/v2\/types\/page"}],"author":[{"embeddable":true,"href":"https:\/\/www.steinhoefel.de\/en\/wp-json\/wp\/v2\/users\/1"}],"replies":[{"embeddable":true,"href":"https:\/\/www.steinhoefel.de\/en\/wp-json\/wp\/v2\/comments?post=4564"}],"version-history":[{"count":23,"href":"https:\/\/www.steinhoefel.de\/en\/wp-json\/wp\/v2\/pages\/4564\/revisions"}],"predecessor-version":[{"id":5178,"href":"https:\/\/www.steinhoefel.de\/en\/wp-json\/wp\/v2\/pages\/4564\/revisions\/5178"}],"wp:attachment":[{"href":"https:\/\/www.steinhoefel.de\/en\/wp-json\/wp\/v2\/media?parent=4564"}],"curies":[{"name":"wp","href":"https:\/\/api.w.org\/{rel}","templated":true}]}}