{"id":4536,"date":"2023-09-18T14:07:37","date_gmt":"2023-09-18T12:07:37","guid":{"rendered":"https:\/\/steinhoefel.c401.comwerk.hosting\/?page_id=4536"},"modified":"2026-03-15T18:47:42","modified_gmt":"2026-03-15T17:47:42","slug":"impressum","status":"publish","type":"page","link":"https:\/\/www.steinhoefel.de\/en\/impressum\/","title":{"rendered":"Legal Notice"},"content":{"rendered":"<div data-elementor-type=\"wp-page\" data-elementor-id=\"4536\" class=\"elementor elementor-4536\" data-elementor-post-type=\"page\">\n\t\t\t\t<div class=\"elementor-element elementor-element-5fd0f2c5 e-flex e-con-boxed qodef-elementor-content-no e-con e-parent\" data-id=\"5fd0f2c5\" data-element_type=\"container\" data-e-type=\"container\">\n\t\t\t\t\t<div class=\"e-con-inner\">\n\t\t\t\t<div class=\"elementor-element elementor-element-480f2ef9 elementor-widget elementor-widget-text-editor\" data-id=\"480f2ef9\" data-element_type=\"widget\" data-e-type=\"widget\" data-widget_type=\"text-editor.default\">\n\t\t\t\t\t\t\t\t\t<p>Rechtsanw\u00e4lte Steinh\u00f6fel<br \/>ABC-Stra\u00dfe 38<br \/>20354 Hamburg<br \/>Germany<\/p>\n<p>Tel.: +49 (0)40 444 599<br \/>Fax.: +49 (0)40 44 07 06<br \/>Mail: mail@steinhoefel.de<\/p>\n<p>VAT ID No. (Value Added Tax Identification Number): DE118914774<\/p>\n<p>The lawyers at the firm are licensed to practice law in the Federal Republic of Germany. They are subject to supervision by the Hanseatic Bar Association in Hamburg, Bleichenbr\u00fccke 9, 20354 Hamburg. <a href=\"http:\/\/www.rechtsanwaltskammerhamburg.de\/\">www.rechtsanwaltskammerhamburg.de<\/a>.<\/p>\n<p class=\"translation-block\">As attorneys, they are subject to the following professional regulations: the Federal Attorney's Act, the Professional Code of Conduct for Attorneys, the Specialist Attorney's Act, the Attorney's Fees Act, and the professional regulations for attorneys in the European Community. These regulations can be accessed at <a href=\"http:\/\/www.brak.de\/\" target=\"_self\">www.brak.de<\/a>.<\/p>\n<p>\u00a0<\/p>\n<p>Concept, design, and programming:<\/p>\n<p><a href=\"https:\/\/www.comwerk.de\/\" target=\"_blank\" rel=\"noopener\"><img decoding=\"async\" class=\"alignnone size-full wp-image-4541\" src=\"https:\/\/www.steinhoefel.de\/wp-content\/uploads\/2023\/09\/logo-comwerk.png\" alt=\"\" width=\"120\" height=\"30\" \/><\/a><\/p>\n\t\t\t\t\t\t\t\t<\/div>\n\t\t\t\t\t<\/div>\n\t\t\t\t<\/div>\n\t\t\t\t<\/div>","protected":false},"excerpt":{"rendered":"<p>Rechtsanw\u00e4lte Steinh\u00f6felABC-Stra\u00dfe 3820354 HamburgDeutschland Tel.: +49 (0)40 444 599Fax.: +49 (0)40 44 07 06Mail: mail@steinhoefel.de USt. Id.-Nr. (Umsatzsteuer Identifikationsnummer): DE118914774 Die Rechtsanw\u00e4lte der Kanzlei sind in der Bundesrepublik Deutschland zugelassen. Sie unterliegen der Aufsicht durch die Hanseatische Rechtsanwaltskammer Hamburg, Bleichenbr\u00fccke 9, 20354 Hamburg, www.rechtsanwaltskammerhamburg.de. Als Rechtsanw\u00e4lte unterliegen sie folgenden berufsrechtliche Regelungen: Der Bundesrechtsanwaltsordnung, der Berufsordnung [&hellip;]<\/p>\n","protected":false},"author":1,"featured_media":0,"parent":0,"menu_order":0,"comment_status":"closed","ping_status":"closed","template":"","meta":{"footnotes":""},"class_list":["post-4536","page","type-page","status-publish","hentry"],"_links":{"self":[{"href":"https:\/\/www.steinhoefel.de\/en\/wp-json\/wp\/v2\/pages\/4536","targetHints":{"allow":["GET"]}}],"collection":[{"href":"https:\/\/www.steinhoefel.de\/en\/wp-json\/wp\/v2\/pages"}],"about":[{"href":"https:\/\/www.steinhoefel.de\/en\/wp-json\/wp\/v2\/types\/page"}],"author":[{"embeddable":true,"href":"https:\/\/www.steinhoefel.de\/en\/wp-json\/wp\/v2\/users\/1"}],"replies":[{"embeddable":true,"href":"https:\/\/www.steinhoefel.de\/en\/wp-json\/wp\/v2\/comments?post=4536"}],"version-history":[{"count":13,"href":"https:\/\/www.steinhoefel.de\/en\/wp-json\/wp\/v2\/pages\/4536\/revisions"}],"predecessor-version":[{"id":5181,"href":"https:\/\/www.steinhoefel.de\/en\/wp-json\/wp\/v2\/pages\/4536\/revisions\/5181"}],"wp:attachment":[{"href":"https:\/\/www.steinhoefel.de\/en\/wp-json\/wp\/v2\/media?parent=4536"}],"curies":[{"name":"wp","href":"https:\/\/api.w.org\/{rel}","templated":true}]}}